{"id":947,"date":"2025-11-26T01:25:14","date_gmt":"2025-11-26T01:25:14","guid":{"rendered":"https:\/\/dev.easyonlineads.com\/?page_id=947"},"modified":"2026-02-27T06:36:28","modified_gmt":"2026-02-27T06:36:28","slug":"cookie-und-datenschutzerklarung","status":"publish","type":"page","link":"https:\/\/easyonlineads.com\/de\/index.php\/cookie-und-datenschutzerklarung\/","title":{"rendered":"Cookie &#8211; und Datenschutzerkl\u00e4rung"},"content":{"rendered":"\t\t<div data-elementor-type=\"wp-page\" data-elementor-id=\"947\" class=\"elementor elementor-947\" data-elementor-post-type=\"page\">\n\t\t\t\t<div class=\"elementor-element elementor-element-4136952 e-flex e-con-boxed e-con e-parent\" data-id=\"4136952\" data-element_type=\"container\" data-e-type=\"container\" data-settings=\"{&quot;background_background&quot;:&quot;classic&quot;}\">\n\t\t\t\t\t<div class=\"e-con-inner\">\n\t\t\t\t<div class=\"elementor-element elementor-element-08a5fa8 elementor-widget__width-initial elementor-widget elementor-widget-heading\" data-id=\"08a5fa8\" data-element_type=\"widget\" data-e-type=\"widget\" data-widget_type=\"heading.default\">\n\t\t\t\t\t<h2 class=\"elementor-heading-title elementor-size-default\">Cookie - und Datenschutzerkl\u00e4rung<\/h2>\t\t\t\t<\/div>\n\t\t<div class=\"elementor-element elementor-element-8b828a5 e-con-full e-flex e-con e-child\" data-id=\"8b828a5\" data-element_type=\"container\" data-e-type=\"container\">\n\t\t\t\t<div class=\"elementor-element elementor-element-99bac1b elementor-widget elementor-widget-text-editor\" data-id=\"99bac1b\" data-element_type=\"widget\" data-e-type=\"widget\" data-widget_type=\"text-editor.default\">\n\t\t\t\t\t\t\t\t\t<p>Datenschutzerkl\u00e4rung von easyonlineads.com<\/p>\t\t\t\t\t\t\t\t<\/div>\n\t\t\t\t<div class=\"elementor-element elementor-element-6a808e5 elementor-widget elementor-widget-text-editor\" data-id=\"6a808e5\" data-element_type=\"widget\" data-e-type=\"widget\" data-widget_type=\"text-editor.default\">\n\t\t\t\t\t\t\t\t\t<div class=\"paragraph-18---white-left rechtliches\">Easy Online Ads ist eine Dienstleistung der 4th Wave Marketing Limited mit Gesch\u00e4ftssitz in Raum 1603, 16. Stock, The L. Plaza, 367 \u2013 375 Queen\u2019s Road Central, Sheung Wan, Hong Kong\u2028<br \/>\u200d<br \/>Da sich unsere Betriebsst\u00e4tte in Hongkong befindet, ist die Englische Fassung dieser Gesch\u00e4ftsbedingungen rechtsverbindlich. Die deutsche Fassung dient zu Verst\u00e4ndniszwecken.<\/div>\t\t\t\t\t\t\t\t<\/div>\n\t\t\t\t<\/div>\n\t\t<div class=\"elementor-element elementor-element-09e31dc e-con-full e-flex e-con e-child\" data-id=\"09e31dc\" data-element_type=\"container\" data-e-type=\"container\" data-settings=\"{&quot;background_background&quot;:&quot;classic&quot;}\">\n\t\t\t\t<div class=\"elementor-element elementor-element-feb23a7 elementor-widget elementor-widget-html\" data-id=\"feb23a7\" data-element_type=\"widget\" data-e-type=\"widget\" data-widget_type=\"html.default\">\n\t\t\t\t\t<a href=\"https:\/\/www.iubenda.com\/privacy-policy\/95981722\" class=\"iubenda-nostyle no-brand iubenda-noiframe iubenda-embed iub-no-markup iubenda-noiframe iub-body-embed\" title=\"Datenschutzerkl\u00e4rung\">Datenschutzerkl\u00e4rung<\/a><script type=\"text\/javascript\">(function (w,d) {var loader = function () {var s = d.createElement(\"script\"), tag = d.getElementsByTagName(\"script\")[0]; s.src=\"https:\/\/cdn.iubenda.com\/iubenda.js\"; tag.parentNode.insertBefore(s,tag);}; if(w.addEventListener){w.addEventListener(\"load\", loader, false);}else if(w.attachEvent){w.attachEvent(\"onload\", loader);}else{w.onload = loader;}})(window, document);<\/script>\n\n<a href=\"https:\/\/www.iubenda.com\/privacy-policy\/71469967\" class=\"iubenda-nostyle no-brand iubenda-noiframe iubenda-embed iub-no-markup iubenda-noiframe iub-body-embed\" title=\"Privacy Policy\">Privacy Policy<\/a><script type=\"text\/javascript\">(function (w,d) {var loader = function () {var s = d.createElement(\"script\"), tag = d.getElementsByTagName(\"script\")[0]; s.src=\"https:\/\/cdn.iubenda.com\/iubenda.js\"; tag.parentNode.insertBefore(s,tag);}; if(w.addEventListener){w.addEventListener(\"load\", loader, false);}else if(w.attachEvent){w.attachEvent(\"onload\", loader);}else{w.onload = loader;}})(window, document);<\/script>\t\t\t\t<\/div>\n\t\t\t\t<\/div>\n\t\t<div class=\"elementor-element elementor-element-611b7bb e-con-full e-flex e-con e-child\" data-id=\"611b7bb\" data-element_type=\"container\" data-e-type=\"container\" data-settings=\"{&quot;background_background&quot;:&quot;classic&quot;}\">\n\t\t\t\t<div class=\"elementor-element elementor-element-38fcd42 elementor-widget elementor-widget-html\" data-id=\"38fcd42\" data-element_type=\"widget\" data-e-type=\"widget\" data-widget_type=\"html.default\">\n\t\t\t\t\t<a href=\"https:\/\/www.iubenda.com\/privacy-policy\/95981722\/cookie-policy\" class=\"iubenda-nostyle no-brand iubenda-noiframe iubenda-embed iub-no-markup iubenda-noiframe iub-body-embed\" title=\"Cookie-Richtlinie\">Cookie-Richtlinie<\/a><script type=\"text\/javascript\">(function (w,d) {var loader = function () {var s = d.createElement(\"script\"), tag = d.getElementsByTagName(\"script\")[0]; s.src=\"https:\/\/cdn.iubenda.com\/iubenda.js\"; tag.parentNode.insertBefore(s,tag);}; if(w.addEventListener){w.addEventListener(\"load\", loader, false);}else if(w.attachEvent){w.attachEvent(\"onload\", loader);}else{w.onload = loader;}})(window, document);<\/script>\n\n<a href=\"https:\/\/www.iubenda.com\/privacy-policy\/71469967\/cookie-policy\" class=\"iubenda-nostyle no-brand iubenda-noiframe iubenda-embed iub-no-markup iubenda-noiframe iub-body-embed\" title=\"Cookie Policy\">Cookie Policy<\/a><script type=\"text\/javascript\">(function (w,d) {var loader = function () {var s = d.createElement(\"script\"), tag = d.getElementsByTagName(\"script\")[0]; s.src=\"https:\/\/cdn.iubenda.com\/iubenda.js\"; tag.parentNode.insertBefore(s,tag);}; if(w.addEventListener){w.addEventListener(\"load\", loader, false);}else if(w.attachEvent){w.attachEvent(\"onload\", loader);}else{w.onload = loader;}})(window, document);<\/script>\t\t\t\t<\/div>\n\t\t\t\t<\/div>\n\t\t\t\t\t<\/div>\n\t\t\t\t<\/div>\n\t\t\t\t<\/div>\n\t\t","protected":false},"excerpt":{"rendered":"<p>Cookie &#8211; und Datenschutzerkl\u00e4rung Datenschutzerkl\u00e4rung von easyonlineads.com Easy Online Ads ist eine Dienstleistung der 4th Wave Marketing Limited mit Gesch\u00e4ftssitz in Raum 1603, 16. Stock, The L. Plaza, 367 \u2013 375 Queen\u2019s Road Central, Sheung Wan, Hong Kong\u2028\u200dDa sich unsere Betriebsst\u00e4tte in Hongkong befindet, ist die Englische Fassung dieser Gesch\u00e4ftsbedingungen rechtsverbindlich. Die deutsche Fassung dient [&hellip;]<\/p>\n","protected":false},"author":2,"featured_media":0,"parent":0,"menu_order":0,"comment_status":"closed","ping_status":"closed","template":"","meta":{"footnotes":""},"class_list":["post-947","page","type-page","status-publish","hentry"],"_links":{"self":[{"href":"https:\/\/easyonlineads.com\/de\/index.php\/wp-json\/wp\/v2\/pages\/947","targetHints":{"allow":["GET"]}}],"collection":[{"href":"https:\/\/easyonlineads.com\/de\/index.php\/wp-json\/wp\/v2\/pages"}],"about":[{"href":"https:\/\/easyonlineads.com\/de\/index.php\/wp-json\/wp\/v2\/types\/page"}],"author":[{"embeddable":true,"href":"https:\/\/easyonlineads.com\/de\/index.php\/wp-json\/wp\/v2\/users\/2"}],"replies":[{"embeddable":true,"href":"https:\/\/easyonlineads.com\/de\/index.php\/wp-json\/wp\/v2\/comments?post=947"}],"version-history":[{"count":14,"href":"https:\/\/easyonlineads.com\/de\/index.php\/wp-json\/wp\/v2\/pages\/947\/revisions"}],"predecessor-version":[{"id":2455,"href":"https:\/\/easyonlineads.com\/de\/index.php\/wp-json\/wp\/v2\/pages\/947\/revisions\/2455"}],"wp:attachment":[{"href":"https:\/\/easyonlineads.com\/de\/index.php\/wp-json\/wp\/v2\/media?parent=947"}],"curies":[{"name":"wp","href":"https:\/\/api.w.org\/{rel}","templated":true}]}}